{"id":26,"date":"2023-02-20T11:10:00","date_gmt":"2023-02-20T11:10:00","guid":{"rendered":"https:\/\/jf-real-estate.com\/?page_id=26"},"modified":"2025-11-17T10:39:36","modified_gmt":"2025-11-17T10:39:36","slug":"ueber-uns","status":"publish","type":"page","link":"https:\/\/jf-real-estate.com\/en\/ueber-uns\/","title":{"rendered":"About us"},"content":{"rendered":"<div data-elementor-type=\"wp-page\" data-elementor-id=\"26\" class=\"elementor elementor-26\" data-elementor-post-type=\"page\">\n\t\t\t\t<div class=\"elementor-element elementor-element-2b83f54 e-flex e-con-boxed e-con e-parent\" data-id=\"2b83f54\" data-element_type=\"container\" data-e-type=\"container\" data-settings=\"{&quot;background_background&quot;:&quot;classic&quot;}\">\n\t\t\t\t\t<div class=\"e-con-inner\">\n\t\t\t\t<div class=\"elementor-element elementor-element-c1a43b3 elementor-widget elementor-widget-heading\" data-id=\"c1a43b3\" data-element_type=\"widget\" data-e-type=\"widget\" data-widget_type=\"heading.default\">\n\t\t\t\t<div class=\"elementor-widget-container\">\n\t\t\t\t\t<h2 class=\"elementor-heading-title elementor-size-default\">About us<\/h2>\t\t\t\t<\/div>\n\t\t\t\t<\/div>\n\t\t\t\t\t<\/div>\n\t\t\t\t<\/div>\n\t\t<div class=\"elementor-element elementor-element-9476782 e-flex e-con-boxed elementor-invisible e-con e-parent\" data-id=\"9476782\" data-element_type=\"container\" data-e-type=\"container\" data-settings=\"{&quot;animation&quot;:&quot;fadeInDown&quot;}\">\n\t\t\t\t\t<div class=\"e-con-inner\">\n\t\t\t\t<div class=\"elementor-element elementor-element-de55274 elementor-widget elementor-widget-text-editor\" data-id=\"de55274\" data-element_type=\"widget\" data-e-type=\"widget\" data-widget_type=\"text-editor.default\">\n\t\t\t\t<div class=\"elementor-widget-container\">\n\t\t\t\t\t\t\t\t\t<p>We stand for speed, reliability, and professionalism. For us, excellent client orientation as well as<br \/>seriousness and integrity are the building blocks of our corporate philosophy. Good accessibility for our<br \/>clients is also quite important to us. We excel in particular in the uncomplicated and speedy handling of property searches<br \/>and sales. Based on our years of experience, we offer our clients and<br \/>business partners a high level of expertise.<\/p>\t\t\t\t\t\t\t\t<\/div>\n\t\t\t\t<\/div>\n\t\t\t\t\t<\/div>\n\t\t\t\t<\/div>\n\t\t<div class=\"elementor-element elementor-element-4c0b770 e-flex e-con-boxed e-con e-parent\" data-id=\"4c0b770\" data-element_type=\"container\" data-e-type=\"container\">\n\t\t\t\t\t<div class=\"e-con-inner\">\n\t\t\t\t<div class=\"elementor-element elementor-element-0449675 elementor-widget__width-initial elementor-hidden-tablet elementor-hidden-mobile elementor-invisible elementor-widget elementor-widget-heading\" data-id=\"0449675\" data-element_type=\"widget\" data-e-type=\"widget\" data-settings=\"{&quot;_animation&quot;:&quot;fadeInDown&quot;}\" data-widget_type=\"heading.default\">\n\t\t\t\t<div class=\"elementor-widget-container\">\n\t\t\t\t\t<h2 class=\"elementor-heading-title elementor-size-default\">Our Team<\/h2>\t\t\t\t<\/div>\n\t\t\t\t<\/div>\n\t\t\t\t<div class=\"elementor-element elementor-element-8a55e98 elementor-hidden-desktop elementor-widget elementor-widget-heading\" data-id=\"8a55e98\" data-element_type=\"widget\" data-e-type=\"widget\" data-widget_type=\"heading.default\">\n\t\t\t\t<div class=\"elementor-widget-container\">\n\t\t\t\t\t<h2 class=\"elementor-heading-title elementor-size-default\">OUR TEAM<\/h2>\t\t\t\t<\/div>\n\t\t\t\t<\/div>\n\t\t<div class=\"elementor-element elementor-element-4621c61 e-flex e-con-boxed e-con e-child\" data-id=\"4621c61\" data-element_type=\"container\" data-e-type=\"container\">\n\t\t\t\t\t<div class=\"e-con-inner\">\n\t\t<div class=\"elementor-element elementor-element-ec6aa96 e-flex e-con-boxed elementor-invisible e-con e-child\" data-id=\"ec6aa96\" data-element_type=\"container\" data-e-type=\"container\" data-settings=\"{&quot;animation&quot;:&quot;fadeInRight&quot;}\">\n\t\t\t\t\t<div class=\"e-con-inner\">\n\t\t\t\t<div class=\"elementor-element elementor-element-29963af elementor-widget elementor-widget-image\" data-id=\"29963af\" data-element_type=\"widget\" data-e-type=\"widget\" data-widget_type=\"image.default\">\n\t\t\t\t<div class=\"elementor-widget-container\">\n\t\t\t\t\t\t\t\t\t\t\t\t\t\t\t<img fetchpriority=\"high\" decoding=\"async\" width=\"683\" height=\"1024\" src=\"https:\/\/jf-real-estate.com\/wp-content\/uploads\/2023\/07\/DSC02878-Bearbeitet-683x1024.webp\" class=\"attachment-large size-large wp-image-811\" alt=\"Frank Schulze\" srcset=\"https:\/\/jf-real-estate.com\/wp-content\/uploads\/2023\/07\/DSC02878-Bearbeitet-683x1024.webp 683w, https:\/\/jf-real-estate.com\/wp-content\/uploads\/2023\/07\/DSC02878-Bearbeitet-200x300.webp 200w, https:\/\/jf-real-estate.com\/wp-content\/uploads\/2023\/07\/DSC02878-Bearbeitet-768x1152.webp 768w, https:\/\/jf-real-estate.com\/wp-content\/uploads\/2023\/07\/DSC02878-Bearbeitet-1024x1536.webp 1024w, https:\/\/jf-real-estate.com\/wp-content\/uploads\/2023\/07\/DSC02878-Bearbeitet-1365x2048.webp 1365w, https:\/\/jf-real-estate.com\/wp-content\/uploads\/2023\/07\/DSC02878-Bearbeitet-8x12.webp 8w, https:\/\/jf-real-estate.com\/wp-content\/uploads\/2023\/07\/DSC02878-Bearbeitet-scaled.webp 1707w\" sizes=\"(max-width: 683px) 100vw, 683px\" \/>\t\t\t\t\t\t\t\t\t\t\t\t\t\t\t<\/div>\n\t\t\t\t<\/div>\n\t\t\t\t<div class=\"elementor-element elementor-element-5141ad2 elementor-widget elementor-widget-text-editor\" data-id=\"5141ad2\" data-element_type=\"widget\" data-e-type=\"widget\" data-widget_type=\"text-editor.default\">\n\t\t\t\t<div class=\"elementor-widget-container\">\n\t\t\t\t\t\t\t\t\t<p>Managing Director<\/p>\t\t\t\t\t\t\t\t<\/div>\n\t\t\t\t<\/div>\n\t\t\t\t<div class=\"elementor-element elementor-element-c7c3917 elementor-widget elementor-widget-heading\" data-id=\"c7c3917\" data-element_type=\"widget\" data-e-type=\"widget\" data-widget_type=\"heading.default\">\n\t\t\t\t<div class=\"elementor-widget-container\">\n\t\t\t\t\t<h2 class=\"elementor-heading-title elementor-size-default\">FRANK SCHULZE<\/h2>\t\t\t\t<\/div>\n\t\t\t\t<\/div>\n\t\t\t\t<div class=\"elementor-element elementor-element-a8d16a7 elementor-widget elementor-widget-text-editor\" data-id=\"a8d16a7\" data-element_type=\"widget\" data-e-type=\"widget\" data-widget_type=\"text-editor.default\">\n\t\t\t\t<div class=\"elementor-widget-container\">\n\t\t\t\t\t\t\t\t\t<p>Phone: <span id=\"page7R_mcid30\" class=\"markedContent\"><span dir=\"ltr\" role=\"presentation\">+49-30-20965279-0<\/span><\/span><br \/>E-Mail: <a href=\"mailto:info@jf-real-estate.com\">info@jf-real-estate.com<\/a><\/p>\t\t\t\t\t\t\t\t<\/div>\n\t\t\t\t<\/div>\n\t\t\t\t<div class=\"elementor-element elementor-element-624bae1 elementor-widget elementor-widget-text-editor\" data-id=\"624bae1\" data-element_type=\"widget\" data-e-type=\"widget\" data-widget_type=\"text-editor.default\">\n\t\t\t\t<div class=\"elementor-widget-container\">\n\t\t\t\t\t\t\t\t\t<p>Frank Schulze ist Managing Director der JF Consulting Real Estate GmbH und verf\u00fcgt \u00fcber jahrzehntelange Erfahrung in der Immobilienbranche. Besonders bekannt ist er als Vertriebsspezialist f\u00fcr Denkmalschutzimmobilien. In den letzten Jahren hat er zudem sein fundiertes Know-how im Bereich Immobilienankauf gezielt ausgebaut.<\/p>\t\t\t\t\t\t\t\t<\/div>\n\t\t\t\t<\/div>\n\t\t\t\t\t<\/div>\n\t\t\t\t<\/div>\n\t\t\t\t\t<\/div>\n\t\t\t\t<\/div>\n\t\t\t\t\t<\/div>\n\t\t\t\t<\/div>\n\t\t<div class=\"elementor-element elementor-element-5067524 e-flex e-con-boxed e-con e-parent\" data-id=\"5067524\" data-element_type=\"container\" data-e-type=\"container\">\n\t\t\t\t\t<div class=\"e-con-inner\">\n\t\t\t\t<div class=\"elementor-element elementor-element-6fce72a elementor-widget elementor-widget-image\" data-id=\"6fce72a\" data-element_type=\"widget\" data-e-type=\"widget\" data-widget_type=\"image.default\">\n\t\t\t\t<div class=\"elementor-widget-container\">\n\t\t\t\t\t\t\t\t\t\t\t\t\t\t\t<img decoding=\"async\" width=\"800\" height=\"592\" src=\"https:\/\/jf-real-estate.com\/wp-content\/uploads\/2025\/11\/Webseite_Anne-1024x758.jpg\" class=\"attachment-large size-large wp-image-1326\" alt=\"\" srcset=\"https:\/\/jf-real-estate.com\/wp-content\/uploads\/2025\/11\/Webseite_Anne-1024x758.jpg 1024w, https:\/\/jf-real-estate.com\/wp-content\/uploads\/2025\/11\/Webseite_Anne-300x222.jpg 300w, https:\/\/jf-real-estate.com\/wp-content\/uploads\/2025\/11\/Webseite_Anne-768x568.jpg 768w, https:\/\/jf-real-estate.com\/wp-content\/uploads\/2025\/11\/Webseite_Anne-1536x1136.jpg 1536w, https:\/\/jf-real-estate.com\/wp-content\/uploads\/2025\/11\/Webseite_Anne-16x12.jpg 16w, https:\/\/jf-real-estate.com\/wp-content\/uploads\/2025\/11\/Webseite_Anne.jpg 2048w\" sizes=\"(max-width: 800px) 100vw, 800px\" \/>\t\t\t\t\t\t\t\t\t\t\t\t\t\t\t<\/div>\n\t\t\t\t<\/div>\n\t\t\t\t<div class=\"elementor-element elementor-element-967b546 elementor-widget elementor-widget-text-editor\" data-id=\"967b546\" data-element_type=\"widget\" data-e-type=\"widget\" data-widget_type=\"text-editor.default\">\n\t\t\t\t<div class=\"elementor-widget-container\">\n\t\t\t\t\t\t\t\t\t<p>Assistentin des Gesch\u00e4ftf\u00fchrers<\/p>\t\t\t\t\t\t\t\t<\/div>\n\t\t\t\t<\/div>\n\t\t\t\t<div class=\"elementor-element elementor-element-b209f31 elementor-widget elementor-widget-heading\" data-id=\"b209f31\" data-element_type=\"widget\" data-e-type=\"widget\" data-widget_type=\"heading.default\">\n\t\t\t\t<div class=\"elementor-widget-container\">\n\t\t\t\t\t<h2 class=\"elementor-heading-title elementor-size-default\">Anne Holl\u00e4nder<\/h2>\t\t\t\t<\/div>\n\t\t\t\t<\/div>\n\t\t\t\t<div class=\"elementor-element elementor-element-12be4ca elementor-widget elementor-widget-text-editor\" data-id=\"12be4ca\" data-element_type=\"widget\" data-e-type=\"widget\" data-widget_type=\"text-editor.default\">\n\t\t\t\t<div class=\"elementor-widget-container\">\n\t\t\t\t\t\t\t\t\t<p>Phone: <span id=\"page7R_mcid30\" class=\"markedContent\"><span dir=\"ltr\" role=\"presentation\">+49-30-20965279-0<\/span><\/span><br \/>E-Mail: <a href=\"mailto:info@jf-real-estate.com\">a.hollaender@jf-real-estate.com<\/a><\/p>\t\t\t\t\t\t\t\t<\/div>\n\t\t\t\t<\/div>\n\t\t\t\t<div class=\"elementor-element elementor-element-c749b08 elementor-widget elementor-widget-text-editor\" data-id=\"c749b08\" data-element_type=\"widget\" data-e-type=\"widget\" data-widget_type=\"text-editor.default\">\n\t\t\t\t<div class=\"elementor-widget-container\">\n\t\t\t\t\t\t\t\t\t<p>Als zentrale Schnittstelle zwischen Gesch\u00e4ftsf\u00fchrung, Team und Partnern gew\u00e4hrleistet sie eine effiziente Kommunikation und strukturierte Abl\u00e4ufe im B\u00fcroalltag.<\/p>\t\t\t\t\t\t\t\t<\/div>\n\t\t\t\t<\/div>\n\t\t\t\t\t<\/div>\n\t\t\t\t<\/div>\n\t\t<div class=\"elementor-element elementor-element-3efdd6b e-flex e-con-boxed e-con e-parent\" data-id=\"3efdd6b\" data-element_type=\"container\" data-e-type=\"container\">\n\t\t\t\t\t<div class=\"e-con-inner\">\n\t\t<div class=\"elementor-element elementor-element-c3fddeb e-con-full e-flex elementor-invisible e-con e-child\" data-id=\"c3fddeb\" data-element_type=\"container\" data-e-type=\"container\" data-settings=\"{&quot;animation&quot;:&quot;fadeInLeft&quot;}\">\n\t\t\t\t<div class=\"elementor-element elementor-element-7666fe0 elementor-widget__width-initial elementor-hidden-tablet elementor-hidden-mobile elementor-widget elementor-widget-heading\" data-id=\"7666fe0\" data-element_type=\"widget\" data-e-type=\"widget\" data-widget_type=\"heading.default\">\n\t\t\t\t<div class=\"elementor-widget-container\">\n\t\t\t\t\t<h2 class=\"elementor-heading-title elementor-size-default\">OUR PHILOSOPHY<\/h2>\t\t\t\t<\/div>\n\t\t\t\t<\/div>\n\t\t\t\t<div class=\"elementor-element elementor-element-0b94125 elementor-hidden-desktop elementor-widget elementor-widget-heading\" data-id=\"0b94125\" data-element_type=\"widget\" data-e-type=\"widget\" data-widget_type=\"heading.default\">\n\t\t\t\t<div class=\"elementor-widget-container\">\n\t\t\t\t\t<h2 class=\"elementor-heading-title elementor-size-default\">OUR PHILOSOPHY<\/h2>\t\t\t\t<\/div>\n\t\t\t\t<\/div>\n\t\t\t\t<div class=\"elementor-element elementor-element-5c80a0b elementor-widget elementor-widget-text-editor\" data-id=\"5c80a0b\" data-element_type=\"widget\" data-e-type=\"widget\" data-widget_type=\"text-editor.default\">\n\t\t\t\t<div class=\"elementor-widget-container\">\n\t\t\t\t\t\t\t\t\t<p>We strive to make sure that every client can enjoy the same brand experience with us. We cultivate our core values of professionalism, exclusivity, and passion. We take the needs of every client seriously and offer a first-class service.<\/p>\t\t\t\t\t\t\t\t<\/div>\n\t\t\t\t<\/div>\n\t\t\t\t<div class=\"elementor-element elementor-element-1ef45b0 elementor-mobile-align-center elementor-widget elementor-widget-button\" data-id=\"1ef45b0\" data-element_type=\"widget\" data-e-type=\"widget\" data-widget_type=\"button.default\">\n\t\t\t\t<div class=\"elementor-widget-container\">\n\t\t\t\t\t\t\t\t\t<div class=\"elementor-button-wrapper\">\n\t\t\t\t\t<a class=\"elementor-button elementor-button-link elementor-size-sm\" href=\"https:\/\/jf-real-estate.com\/en\/leistungen\/\">\n\t\t\t\t\t\t<span class=\"elementor-button-content-wrapper\">\n\t\t\t\t\t\t\t\t\t<span class=\"elementor-button-text\">SERVICES<\/span>\n\t\t\t\t\t<\/span>\n\t\t\t\t\t<\/a>\n\t\t\t\t<\/div>\n\t\t\t\t\t\t\t\t<\/div>\n\t\t\t\t<\/div>\n\t\t\t\t<\/div>\n\t\t\t\t<div class=\"elementor-element elementor-element-58f43a3 elementor-widget__width-initial elementor-widget-mobile__width-inherit elementor-invisible elementor-widget elementor-widget-image\" data-id=\"58f43a3\" data-element_type=\"widget\" data-e-type=\"widget\" data-settings=\"{&quot;_animation&quot;:&quot;fadeInRight&quot;}\" data-widget_type=\"image.default\">\n\t\t\t\t<div class=\"elementor-widget-container\">\n\t\t\t\t\t\t\t\t\t\t\t\t\t\t\t<img decoding=\"async\" width=\"768\" height=\"768\" src=\"https:\/\/jf-real-estate.com\/wp-content\/uploads\/2024\/11\/16-768x768.png\" class=\"attachment-medium_large size-medium_large wp-image-1059\" alt=\"\" srcset=\"https:\/\/jf-real-estate.com\/wp-content\/uploads\/2024\/11\/16-768x768.png 768w, https:\/\/jf-real-estate.com\/wp-content\/uploads\/2024\/11\/16-300x300.png 300w, https:\/\/jf-real-estate.com\/wp-content\/uploads\/2024\/11\/16-1024x1024.png 1024w, https:\/\/jf-real-estate.com\/wp-content\/uploads\/2024\/11\/16-150x150.png 150w, https:\/\/jf-real-estate.com\/wp-content\/uploads\/2024\/11\/16-12x12.png 12w, https:\/\/jf-real-estate.com\/wp-content\/uploads\/2024\/11\/16.png 1080w\" sizes=\"(max-width: 768px) 100vw, 768px\" \/>\t\t\t\t\t\t\t\t\t\t\t\t\t\t\t<\/div>\n\t\t\t\t<\/div>\n\t\t\t\t\t<\/div>\n\t\t\t\t<\/div>\n\t\t<div class=\"elementor-element elementor-element-672bfd9 e-flex e-con-boxed e-con e-parent\" data-id=\"672bfd9\" data-element_type=\"container\" data-e-type=\"container\">\n\t\t\t\t\t<div class=\"e-con-inner\">\n\t\t\t\t<div class=\"elementor-element elementor-element-3cf7a09 elementor-widget elementor-widget-heading\" data-id=\"3cf7a09\" data-element_type=\"widget\" data-e-type=\"widget\" data-widget_type=\"heading.default\">\n\t\t\t\t<div class=\"elementor-widget-container\">\n\t\t\t\t\t<h2 class=\"elementor-heading-title elementor-size-default\">Unser starker Partner f\u00fcr Finanzierung und Versicherung<\/h2>\t\t\t\t<\/div>\n\t\t\t\t<\/div>\n\t\t\t\t<div class=\"elementor-element elementor-element-129655f elementor-widget elementor-widget-image\" data-id=\"129655f\" data-element_type=\"widget\" data-e-type=\"widget\" data-widget_type=\"image.default\">\n\t\t\t\t<div class=\"elementor-widget-container\">\n\t\t\t\t\t\t\t\t\t\t\t\t<figure class=\"wp-caption\">\n\t\t\t\t\t\t\t\t\t\t<img loading=\"lazy\" decoding=\"async\" width=\"300\" height=\"233\" src=\"https:\/\/jf-real-estate.com\/wp-content\/uploads\/2025\/01\/Foto_Webseite-300x233.webp\" class=\"attachment-medium size-medium wp-image-1149\" alt=\"\" srcset=\"https:\/\/jf-real-estate.com\/wp-content\/uploads\/2025\/01\/Foto_Webseite-300x233.webp 300w, https:\/\/jf-real-estate.com\/wp-content\/uploads\/2025\/01\/Foto_Webseite-1024x794.webp 1024w, https:\/\/jf-real-estate.com\/wp-content\/uploads\/2025\/01\/Foto_Webseite-768x596.webp 768w, https:\/\/jf-real-estate.com\/wp-content\/uploads\/2025\/01\/Foto_Webseite-15x12.webp 15w, https:\/\/jf-real-estate.com\/wp-content\/uploads\/2025\/01\/Foto_Webseite.webp 1376w\" sizes=\"(max-width: 300px) 100vw, 300px\" \/>\t\t\t\t\t\t\t\t\t\t\t<figcaption class=\"widget-image-caption wp-caption-text\">Dennis Starke<\/figcaption>\n\t\t\t\t\t\t\t\t\t\t<\/figure>\n\t\t\t\t\t\t\t\t\t<\/div>\n\t\t\t\t<\/div>\n\t\t\t\t\t<\/div>\n\t\t\t\t<\/div>\n\t\t\t\t<\/div>","protected":false},"excerpt":{"rendered":"<p>\u00dcber uns Wir stehen f\u00fcr Schnelligkeit, Zuverl\u00e4ssigkeit und Professionalit\u00e4t. F\u00fcr uns sind eine exzellente Kundenorientierung sowieSeriosit\u00e4t und Integrit\u00e4t die elementaren Bausteine unserer Unternehmensphilosophie. Eine gute Erreichbarkeit f\u00fcr unsereKunden ist f\u00fcr uns ebenfalls sehr wichtig. Wir zeichnen uns insbesondere durch eine unkomplizierte und z\u00fcgige Abwicklungvon Immobiliengesuchen und -verk\u00e4ufen aus. Aufgrund unserer jahrelangen Erfahrungen bieten wir unseren [&hellip;]<\/p>\n","protected":false},"author":3,"featured_media":0,"parent":0,"menu_order":0,"comment_status":"closed","ping_status":"closed","template":"","meta":{"footnotes":""},"class_list":["post-26","page","type-page","status-publish","hentry"],"yoast_head":"<!-- This site is optimized with the Yoast SEO plugin v27.1.1 - https:\/\/yoast.com\/product\/yoast-seo-wordpress\/ -->\n<title>\u00dcber uns - JF Consulting Real Estate<\/title>\n<meta name=\"description\" content=\"Wir stehen f\u00fcr Schnelligkeit, Zuverl\u00e4ssigkeit und Professionalit\u00e4t. Erfahren Sie hier mehr \u00fcber uns und unser Unternehmen. \u27a4 Jetzt ansehen.\" \/>\n<meta name=\"robots\" content=\"index, follow, max-snippet:-1, max-image-preview:large, max-video-preview:-1\" \/>\n<link rel=\"canonical\" href=\"https:\/\/jf-real-estate.com\/en\/ueber-uns\/\" \/>\n<meta property=\"og:locale\" content=\"en_US\" \/>\n<meta property=\"og:type\" content=\"article\" \/>\n<meta property=\"og:title\" content=\"\u00dcber uns - JF Consulting Real Estate\" \/>\n<meta property=\"og:description\" content=\"Wir stehen f\u00fcr Schnelligkeit, Zuverl\u00e4ssigkeit und Professionalit\u00e4t. Erfahren Sie hier mehr \u00fcber uns und unser Unternehmen. \u27a4 Jetzt ansehen.\" \/>\n<meta property=\"og:url\" content=\"https:\/\/jf-real-estate.com\/en\/ueber-uns\/\" \/>\n<meta property=\"og:site_name\" content=\"JF Consulting Real Estate\" \/>\n<meta property=\"article:modified_time\" content=\"2025-11-17T10:39:36+00:00\" \/>\n<meta property=\"og:image\" content=\"https:\/\/jf-real-estate.com\/wp-content\/uploads\/2023\/07\/DSC02878-Bearbeitet-scaled.webp\" \/>\n\t<meta property=\"og:image:width\" content=\"1707\" \/>\n\t<meta property=\"og:image:height\" content=\"2560\" \/>\n\t<meta property=\"og:image:type\" content=\"image\/jpeg\" \/>\n<meta name=\"twitter:card\" content=\"summary_large_image\" \/>\n<meta name=\"twitter:label1\" content=\"Est. reading time\" \/>\n\t<meta name=\"twitter:data1\" content=\"2 minutes\" \/>\n<script type=\"application\/ld+json\" class=\"yoast-schema-graph\">{\"@context\":\"https:\/\/schema.org\",\"@graph\":[{\"@type\":\"WebPage\",\"@id\":\"https:\/\/jf-real-estate.com\/ueber-uns\/\",\"url\":\"https:\/\/jf-real-estate.com\/ueber-uns\/\",\"name\":\"\u00dcber uns - JF Consulting Real Estate\",\"isPartOf\":{\"@id\":\"https:\/\/jf-real-estate.com\/#website\"},\"primaryImageOfPage\":{\"@id\":\"https:\/\/jf-real-estate.com\/ueber-uns\/#primaryimage\"},\"image\":{\"@id\":\"https:\/\/jf-real-estate.com\/ueber-uns\/#primaryimage\"},\"thumbnailUrl\":\"https:\/\/jf-real-estate.com\/wp-content\/uploads\/2023\/07\/DSC02878-Bearbeitet-683x1024.webp\",\"datePublished\":\"2023-02-20T11:10:00+00:00\",\"dateModified\":\"2025-11-17T10:39:36+00:00\",\"description\":\"Wir stehen f\u00fcr Schnelligkeit, Zuverl\u00e4ssigkeit und Professionalit\u00e4t. Erfahren Sie hier mehr \u00fcber uns und unser Unternehmen. \u27a4 Jetzt ansehen.\",\"breadcrumb\":{\"@id\":\"https:\/\/jf-real-estate.com\/ueber-uns\/#breadcrumb\"},\"inLanguage\":\"en-US\",\"potentialAction\":[{\"@type\":\"ReadAction\",\"target\":[\"https:\/\/jf-real-estate.com\/ueber-uns\/\"]}]},{\"@type\":\"ImageObject\",\"inLanguage\":\"en-US\",\"@id\":\"https:\/\/jf-real-estate.com\/ueber-uns\/#primaryimage\",\"url\":\"https:\/\/jf-real-estate.com\/wp-content\/uploads\/2023\/07\/DSC02878-Bearbeitet-683x1024.webp\",\"contentUrl\":\"https:\/\/jf-real-estate.com\/wp-content\/uploads\/2023\/07\/DSC02878-Bearbeitet-683x1024.webp\"},{\"@type\":\"BreadcrumbList\",\"@id\":\"https:\/\/jf-real-estate.com\/ueber-uns\/#breadcrumb\",\"itemListElement\":[{\"@type\":\"ListItem\",\"position\":1,\"name\":\"Startseite\",\"item\":\"https:\/\/jf-real-estate.com\/\"},{\"@type\":\"ListItem\",\"position\":2,\"name\":\"\u00dcber uns\"}]},{\"@type\":\"WebSite\",\"@id\":\"https:\/\/jf-real-estate.com\/#website\",\"url\":\"https:\/\/jf-real-estate.com\/\",\"name\":\"JF Consulting Real Estate\",\"description\":\"\",\"potentialAction\":[{\"@type\":\"SearchAction\",\"target\":{\"@type\":\"EntryPoint\",\"urlTemplate\":\"https:\/\/jf-real-estate.com\/?s={search_term_string}\"},\"query-input\":{\"@type\":\"PropertyValueSpecification\",\"valueRequired\":true,\"valueName\":\"search_term_string\"}}],\"inLanguage\":\"en-US\"}]}<\/script>\n<!-- \/ Yoast SEO plugin. -->","yoast_head_json":{"title":"\u00dcber uns - JF Consulting Real Estate","description":"Wir stehen f\u00fcr Schnelligkeit, Zuverl\u00e4ssigkeit und Professionalit\u00e4t. Erfahren Sie hier mehr \u00fcber uns und unser Unternehmen. \u27a4 Jetzt ansehen.","robots":{"index":"index","follow":"follow","max-snippet":"max-snippet:-1","max-image-preview":"max-image-preview:large","max-video-preview":"max-video-preview:-1"},"canonical":"https:\/\/jf-real-estate.com\/en\/ueber-uns\/","og_locale":"en_US","og_type":"article","og_title":"\u00dcber uns - JF Consulting Real Estate","og_description":"Wir stehen f\u00fcr Schnelligkeit, Zuverl\u00e4ssigkeit und Professionalit\u00e4t. Erfahren Sie hier mehr \u00fcber uns und unser Unternehmen. \u27a4 Jetzt ansehen.","og_url":"https:\/\/jf-real-estate.com\/en\/ueber-uns\/","og_site_name":"JF Consulting Real Estate","article_modified_time":"2025-11-17T10:39:36+00:00","og_image":[{"width":1707,"height":2560,"url":"https:\/\/jf-real-estate.com\/wp-content\/uploads\/2023\/07\/DSC02878-Bearbeitet-scaled.webp","type":"image\/jpeg"}],"twitter_card":"summary_large_image","twitter_misc":{"Est. reading time":"2 minutes"},"schema":{"@context":"https:\/\/schema.org","@graph":[{"@type":"WebPage","@id":"https:\/\/jf-real-estate.com\/ueber-uns\/","url":"https:\/\/jf-real-estate.com\/ueber-uns\/","name":"\u00dcber uns - JF Consulting Real Estate","isPartOf":{"@id":"https:\/\/jf-real-estate.com\/#website"},"primaryImageOfPage":{"@id":"https:\/\/jf-real-estate.com\/ueber-uns\/#primaryimage"},"image":{"@id":"https:\/\/jf-real-estate.com\/ueber-uns\/#primaryimage"},"thumbnailUrl":"https:\/\/jf-real-estate.com\/wp-content\/uploads\/2023\/07\/DSC02878-Bearbeitet-683x1024.webp","datePublished":"2023-02-20T11:10:00+00:00","dateModified":"2025-11-17T10:39:36+00:00","description":"Wir stehen f\u00fcr Schnelligkeit, Zuverl\u00e4ssigkeit und Professionalit\u00e4t. Erfahren Sie hier mehr \u00fcber uns und unser Unternehmen. \u27a4 Jetzt ansehen.","breadcrumb":{"@id":"https:\/\/jf-real-estate.com\/ueber-uns\/#breadcrumb"},"inLanguage":"en-US","potentialAction":[{"@type":"ReadAction","target":["https:\/\/jf-real-estate.com\/ueber-uns\/"]}]},{"@type":"ImageObject","inLanguage":"en-US","@id":"https:\/\/jf-real-estate.com\/ueber-uns\/#primaryimage","url":"https:\/\/jf-real-estate.com\/wp-content\/uploads\/2023\/07\/DSC02878-Bearbeitet-683x1024.webp","contentUrl":"https:\/\/jf-real-estate.com\/wp-content\/uploads\/2023\/07\/DSC02878-Bearbeitet-683x1024.webp"},{"@type":"BreadcrumbList","@id":"https:\/\/jf-real-estate.com\/ueber-uns\/#breadcrumb","itemListElement":[{"@type":"ListItem","position":1,"name":"Startseite","item":"https:\/\/jf-real-estate.com\/"},{"@type":"ListItem","position":2,"name":"\u00dcber uns"}]},{"@type":"WebSite","@id":"https:\/\/jf-real-estate.com\/#website","url":"https:\/\/jf-real-estate.com\/","name":"JF Consulting Real Estate","description":"","potentialAction":[{"@type":"SearchAction","target":{"@type":"EntryPoint","urlTemplate":"https:\/\/jf-real-estate.com\/?s={search_term_string}"},"query-input":{"@type":"PropertyValueSpecification","valueRequired":true,"valueName":"search_term_string"}}],"inLanguage":"en-US"}]}},"_links":{"self":[{"href":"https:\/\/jf-real-estate.com\/en\/wp-json\/wp\/v2\/pages\/26","targetHints":{"allow":["GET"]}}],"collection":[{"href":"https:\/\/jf-real-estate.com\/en\/wp-json\/wp\/v2\/pages"}],"about":[{"href":"https:\/\/jf-real-estate.com\/en\/wp-json\/wp\/v2\/types\/page"}],"author":[{"embeddable":true,"href":"https:\/\/jf-real-estate.com\/en\/wp-json\/wp\/v2\/users\/3"}],"replies":[{"embeddable":true,"href":"https:\/\/jf-real-estate.com\/en\/wp-json\/wp\/v2\/comments?post=26"}],"version-history":[{"count":67,"href":"https:\/\/jf-real-estate.com\/en\/wp-json\/wp\/v2\/pages\/26\/revisions"}],"predecessor-version":[{"id":1329,"href":"https:\/\/jf-real-estate.com\/en\/wp-json\/wp\/v2\/pages\/26\/revisions\/1329"}],"wp:attachment":[{"href":"https:\/\/jf-real-estate.com\/en\/wp-json\/wp\/v2\/media?parent=26"}],"curies":[{"name":"wp","href":"https:\/\/api.w.org\/{rel}","templated":true}]}}