{"id":20,"date":"2023-02-20T11:09:00","date_gmt":"2023-02-20T11:09:00","guid":{"rendered":"https:\/\/jf-real-estate.com\/?page_id=20"},"modified":"2024-07-20T09:39:38","modified_gmt":"2024-07-20T09:39:38","slug":"vermietungsservice","status":"publish","type":"page","link":"https:\/\/jf-real-estate.com\/en\/leistungen\/vermietungsservice\/","title":{"rendered":"Rental service"},"content":{"rendered":"<div data-elementor-type=\"wp-page\" data-elementor-id=\"20\" class=\"elementor elementor-20\" data-elementor-post-type=\"page\">\n\t\t\t\t<div class=\"elementor-element elementor-element-a266b02 e-flex e-con-boxed e-con e-parent\" data-id=\"a266b02\" data-element_type=\"container\" data-e-type=\"container\" data-settings=\"{&quot;background_background&quot;:&quot;classic&quot;}\">\n\t\t\t\t\t<div class=\"e-con-inner\">\n\t\t\t\t<div class=\"elementor-element elementor-element-5ee00de elementor-widget elementor-widget-heading\" data-id=\"5ee00de\" data-element_type=\"widget\" data-e-type=\"widget\" data-widget_type=\"heading.default\">\n\t\t\t\t<div class=\"elementor-widget-container\">\n\t\t\t\t\t<h2 class=\"elementor-heading-title elementor-size-default\">RENTAL SERVICE<\/h2>\t\t\t\t<\/div>\n\t\t\t\t<\/div>\n\t\t\t\t\t<\/div>\n\t\t\t\t<\/div>\n\t\t<div class=\"elementor-element elementor-element-805e8aa e-flex e-con-boxed e-con e-parent\" data-id=\"805e8aa\" data-element_type=\"container\" data-e-type=\"container\">\n\t\t\t\t\t<div class=\"e-con-inner\">\n\t\t\t\t<div class=\"elementor-element elementor-element-63c6cad elementor-widget elementor-widget-text-editor\" data-id=\"63c6cad\" data-element_type=\"widget\" data-e-type=\"widget\" data-widget_type=\"text-editor.default\">\n\t\t\t\t<div class=\"elementor-widget-container\">\n\t\t\t\t\t\t\t\t\t<p>Letting service for flats, houses, furnished properties, and commercial properties in Berlin.<br \/>Let out your property quickly and easily with us. Trust us to have success and experience<br \/>in letting private and commercial properties. We know how the real estate market works!<br \/>With this knowledge, we are able to present your property in the best possible way.<\/p>\t\t\t\t\t\t\t\t<\/div>\n\t\t\t\t<\/div>\n\t\t\t\t\t<\/div>\n\t\t\t\t<\/div>\n\t\t<div class=\"elementor-element elementor-element-71d810d e-flex e-con-boxed e-con e-parent\" data-id=\"71d810d\" data-element_type=\"container\" data-e-type=\"container\">\n\t\t\t\t\t<div class=\"e-con-inner\">\n\t\t<div class=\"elementor-element elementor-element-9d64e72 e-con-full e-transform e-flex e-con e-child\" data-id=\"9d64e72\" data-element_type=\"container\" data-e-type=\"container\" data-settings=\"{&quot;background_background&quot;:&quot;classic&quot;,&quot;_transform_flipX_effect&quot;:&quot;transform&quot;}\">\n\t\t\t\t<\/div>\n\t\t\t\t<div class=\"elementor-element elementor-element-af59d88 elementor-widget elementor-widget-heading\" data-id=\"af59d88\" data-element_type=\"widget\" data-e-type=\"widget\" data-widget_type=\"heading.default\">\n\t\t\t\t<div class=\"elementor-widget-container\">\n\t\t\t\t\t<h2 class=\"elementor-heading-title elementor-size-default\">LETTING OF PROPERTIES<\/h2>\t\t\t\t<\/div>\n\t\t\t\t<\/div>\n\t\t<div class=\"elementor-element elementor-element-15b87a4 e-con-full elementor-hidden-tablet elementor-hidden-mobile e-flex e-con e-child\" data-id=\"15b87a4\" data-element_type=\"container\" data-e-type=\"container\">\n\t\t\t\t<\/div>\n\t\t<div class=\"elementor-element elementor-element-84f01a7 e-con-full e-flex e-con e-child\" data-id=\"84f01a7\" data-element_type=\"container\" data-e-type=\"container\" data-settings=\"{&quot;background_background&quot;:&quot;classic&quot;}\">\n\t\t\t\t<div class=\"elementor-element elementor-element-22ad3f6 elementor-widget elementor-widget-text-editor\" data-id=\"22ad3f6\" data-element_type=\"widget\" data-e-type=\"widget\" data-widget_type=\"text-editor.default\">\n\t\t\t\t<div class=\"elementor-widget-container\">\n\t\t\t\t\t\t\t\t\t<p>Letting out a property requires several steps that<br \/>help to realise the required high standard when letting<br \/>out your property:<\/p><ol><li>Current insights into the market<\/li><li>Evaluation of the real estate potential<\/li><li>Professional property preparation<\/li><li>Targeted advertising<\/li><li>Acquisition of serious prospective tenants<\/li><li>Tenancy agreement support up to the handover of the property<\/li><\/ol>\t\t\t\t\t\t\t\t<\/div>\n\t\t\t\t<\/div>\n\t\t\t\t<\/div>\n\t\t\t\t<div class=\"elementor-element elementor-element-f9b72cb elementor-widget elementor-widget-button\" data-id=\"f9b72cb\" data-element_type=\"widget\" data-e-type=\"widget\" data-widget_type=\"button.default\">\n\t\t\t\t<div class=\"elementor-widget-container\">\n\t\t\t\t\t\t\t\t\t<div class=\"elementor-button-wrapper\">\n\t\t\t\t\t<a class=\"elementor-button elementor-button-link elementor-size-sm\" href=\"https:\/\/jf-real-estate.com\/en\/anfrage\/\">\n\t\t\t\t\t\t<span class=\"elementor-button-content-wrapper\">\n\t\t\t\t\t\t\t\t\t<span class=\"elementor-button-text\">INQUIRY<\/span>\n\t\t\t\t\t<\/span>\n\t\t\t\t\t<\/a>\n\t\t\t\t<\/div>\n\t\t\t\t\t\t\t\t<\/div>\n\t\t\t\t<\/div>\n\t\t\t\t\t<\/div>\n\t\t\t\t<\/div>\n\t\t\t\t<\/div>","protected":false},"excerpt":{"rendered":"<p>VERMIETUNGSSERVICE Vermietungsservice f\u00fcr Wohnungen, H\u00e4user, m\u00f6blierte Immobilien und Gewerbeimmobilien in BerlinVermieten Sie Ihre Immobilie schnell und unkompliziert mit uns. Vertrauen Sie uns, dass wir \u00fcber Erfolg und Erfahrung beider Vermietung von privat und gewerblich genutzten Immobilien verf\u00fcgen. Wir wissen, wie der Immobilienmarkt funktioniert!Mit diesem Wissen sind wir in der Lage, Ihre Immobilie optimal zu pr\u00e4sentieren. [&hellip;]<\/p>\n","protected":false},"author":3,"featured_media":0,"parent":14,"menu_order":0,"comment_status":"closed","ping_status":"closed","template":"","meta":{"footnotes":""},"class_list":["post-20","page","type-page","status-publish","hentry"],"yoast_head":"<!-- This site is optimized with the Yoast SEO plugin v27.1.1 - https:\/\/yoast.com\/product\/yoast-seo-wordpress\/ -->\n<title>Vermietungsservice - JF Consulting Real Estate<\/title>\n<meta name=\"description\" content=\"Wir wissen, wie der Immobilienmarkt funktioniert! Vermieten Sie jetzt Ihre Immobilie schnell und unkompliziert mit uns. Jetzt Service ansehen! \u2713\" \/>\n<meta name=\"robots\" content=\"index, follow, max-snippet:-1, max-image-preview:large, max-video-preview:-1\" \/>\n<link rel=\"canonical\" href=\"https:\/\/jf-real-estate.com\/en\/leistungen\/vermietungsservice\/\" \/>\n<meta property=\"og:locale\" content=\"en_US\" \/>\n<meta property=\"og:type\" content=\"article\" \/>\n<meta property=\"og:title\" content=\"Vermietungsservice - JF Consulting Real Estate\" \/>\n<meta property=\"og:description\" content=\"Wir wissen, wie der Immobilienmarkt funktioniert! Vermieten Sie jetzt Ihre Immobilie schnell und unkompliziert mit uns. Jetzt Service ansehen! \u2713\" \/>\n<meta property=\"og:url\" content=\"https:\/\/jf-real-estate.com\/en\/leistungen\/vermietungsservice\/\" \/>\n<meta property=\"og:site_name\" content=\"JF Consulting Real Estate\" \/>\n<meta property=\"article:modified_time\" content=\"2024-07-20T09:39:38+00:00\" \/>\n<meta name=\"twitter:card\" content=\"summary_large_image\" \/>\n<meta name=\"twitter:label1\" content=\"Est. reading time\" \/>\n\t<meta name=\"twitter:data1\" content=\"1 minute\" \/>\n<script type=\"application\/ld+json\" class=\"yoast-schema-graph\">{\"@context\":\"https:\/\/schema.org\",\"@graph\":[{\"@type\":\"WebPage\",\"@id\":\"https:\/\/jf-real-estate.com\/leistungen\/vermietungsservice\/\",\"url\":\"https:\/\/jf-real-estate.com\/leistungen\/vermietungsservice\/\",\"name\":\"Vermietungsservice - JF Consulting Real Estate\",\"isPartOf\":{\"@id\":\"https:\/\/jf-real-estate.com\/#website\"},\"datePublished\":\"2023-02-20T11:09:00+00:00\",\"dateModified\":\"2024-07-20T09:39:38+00:00\",\"description\":\"Wir wissen, wie der Immobilienmarkt funktioniert! Vermieten Sie jetzt Ihre Immobilie schnell und unkompliziert mit uns. Jetzt Service ansehen! \u2713\",\"breadcrumb\":{\"@id\":\"https:\/\/jf-real-estate.com\/leistungen\/vermietungsservice\/#breadcrumb\"},\"inLanguage\":\"en-US\",\"potentialAction\":[{\"@type\":\"ReadAction\",\"target\":[\"https:\/\/jf-real-estate.com\/leistungen\/vermietungsservice\/\"]}]},{\"@type\":\"BreadcrumbList\",\"@id\":\"https:\/\/jf-real-estate.com\/leistungen\/vermietungsservice\/#breadcrumb\",\"itemListElement\":[{\"@type\":\"ListItem\",\"position\":1,\"name\":\"Startseite\",\"item\":\"https:\/\/jf-real-estate.com\/\"},{\"@type\":\"ListItem\",\"position\":2,\"name\":\"Leistungen\",\"item\":\"https:\/\/jf-real-estate.com\/leistungen\/\"},{\"@type\":\"ListItem\",\"position\":3,\"name\":\"Vermietungsservice\"}]},{\"@type\":\"WebSite\",\"@id\":\"https:\/\/jf-real-estate.com\/#website\",\"url\":\"https:\/\/jf-real-estate.com\/\",\"name\":\"JF Consulting Real Estate\",\"description\":\"\",\"potentialAction\":[{\"@type\":\"SearchAction\",\"target\":{\"@type\":\"EntryPoint\",\"urlTemplate\":\"https:\/\/jf-real-estate.com\/?s={search_term_string}\"},\"query-input\":{\"@type\":\"PropertyValueSpecification\",\"valueRequired\":true,\"valueName\":\"search_term_string\"}}],\"inLanguage\":\"en-US\"}]}<\/script>\n<!-- \/ Yoast SEO plugin. -->","yoast_head_json":{"title":"Vermietungsservice - JF Consulting Real Estate","description":"Wir wissen, wie der Immobilienmarkt funktioniert! Vermieten Sie jetzt Ihre Immobilie schnell und unkompliziert mit uns. Jetzt Service ansehen! \u2713","robots":{"index":"index","follow":"follow","max-snippet":"max-snippet:-1","max-image-preview":"max-image-preview:large","max-video-preview":"max-video-preview:-1"},"canonical":"https:\/\/jf-real-estate.com\/en\/leistungen\/vermietungsservice\/","og_locale":"en_US","og_type":"article","og_title":"Vermietungsservice - JF Consulting Real Estate","og_description":"Wir wissen, wie der Immobilienmarkt funktioniert! Vermieten Sie jetzt Ihre Immobilie schnell und unkompliziert mit uns. Jetzt Service ansehen! \u2713","og_url":"https:\/\/jf-real-estate.com\/en\/leistungen\/vermietungsservice\/","og_site_name":"JF Consulting Real Estate","article_modified_time":"2024-07-20T09:39:38+00:00","twitter_card":"summary_large_image","twitter_misc":{"Est. reading time":"1 minute"},"schema":{"@context":"https:\/\/schema.org","@graph":[{"@type":"WebPage","@id":"https:\/\/jf-real-estate.com\/leistungen\/vermietungsservice\/","url":"https:\/\/jf-real-estate.com\/leistungen\/vermietungsservice\/","name":"Vermietungsservice - JF Consulting Real Estate","isPartOf":{"@id":"https:\/\/jf-real-estate.com\/#website"},"datePublished":"2023-02-20T11:09:00+00:00","dateModified":"2024-07-20T09:39:38+00:00","description":"Wir wissen, wie der Immobilienmarkt funktioniert! Vermieten Sie jetzt Ihre Immobilie schnell und unkompliziert mit uns. Jetzt Service ansehen! \u2713","breadcrumb":{"@id":"https:\/\/jf-real-estate.com\/leistungen\/vermietungsservice\/#breadcrumb"},"inLanguage":"en-US","potentialAction":[{"@type":"ReadAction","target":["https:\/\/jf-real-estate.com\/leistungen\/vermietungsservice\/"]}]},{"@type":"BreadcrumbList","@id":"https:\/\/jf-real-estate.com\/leistungen\/vermietungsservice\/#breadcrumb","itemListElement":[{"@type":"ListItem","position":1,"name":"Startseite","item":"https:\/\/jf-real-estate.com\/"},{"@type":"ListItem","position":2,"name":"Leistungen","item":"https:\/\/jf-real-estate.com\/leistungen\/"},{"@type":"ListItem","position":3,"name":"Vermietungsservice"}]},{"@type":"WebSite","@id":"https:\/\/jf-real-estate.com\/#website","url":"https:\/\/jf-real-estate.com\/","name":"JF Consulting Real Estate","description":"","potentialAction":[{"@type":"SearchAction","target":{"@type":"EntryPoint","urlTemplate":"https:\/\/jf-real-estate.com\/?s={search_term_string}"},"query-input":{"@type":"PropertyValueSpecification","valueRequired":true,"valueName":"search_term_string"}}],"inLanguage":"en-US"}]}},"_links":{"self":[{"href":"https:\/\/jf-real-estate.com\/en\/wp-json\/wp\/v2\/pages\/20","targetHints":{"allow":["GET"]}}],"collection":[{"href":"https:\/\/jf-real-estate.com\/en\/wp-json\/wp\/v2\/pages"}],"about":[{"href":"https:\/\/jf-real-estate.com\/en\/wp-json\/wp\/v2\/types\/page"}],"author":[{"embeddable":true,"href":"https:\/\/jf-real-estate.com\/en\/wp-json\/wp\/v2\/users\/3"}],"replies":[{"embeddable":true,"href":"https:\/\/jf-real-estate.com\/en\/wp-json\/wp\/v2\/comments?post=20"}],"version-history":[{"count":10,"href":"https:\/\/jf-real-estate.com\/en\/wp-json\/wp\/v2\/pages\/20\/revisions"}],"predecessor-version":[{"id":781,"href":"https:\/\/jf-real-estate.com\/en\/wp-json\/wp\/v2\/pages\/20\/revisions\/781"}],"up":[{"embeddable":true,"href":"https:\/\/jf-real-estate.com\/en\/wp-json\/wp\/v2\/pages\/14"}],"wp:attachment":[{"href":"https:\/\/jf-real-estate.com\/en\/wp-json\/wp\/v2\/media?parent=20"}],"curies":[{"name":"wp","href":"https:\/\/api.w.org\/{rel}","templated":true}]}}