{"id":16,"date":"2023-02-20T11:08:00","date_gmt":"2023-02-20T11:08:00","guid":{"rendered":"https:\/\/jf-real-estate.com\/?page_id=16"},"modified":"2024-07-20T07:40:07","modified_gmt":"2024-07-20T07:40:07","slug":"immobilienverkauf","status":"publish","type":"page","link":"https:\/\/jf-real-estate.com\/en\/leistungen\/immobilienverkauf\/","title":{"rendered":"Real estate sales"},"content":{"rendered":"<div data-elementor-type=\"wp-page\" data-elementor-id=\"16\" class=\"elementor elementor-16\" data-elementor-post-type=\"page\">\n\t\t\t\t<div class=\"elementor-element elementor-element-72dc6e8 e-flex e-con-boxed e-con e-parent\" data-id=\"72dc6e8\" data-element_type=\"container\" data-e-type=\"container\" data-settings=\"{&quot;background_background&quot;:&quot;classic&quot;}\">\n\t\t\t\t\t<div class=\"e-con-inner\">\n\t\t\t\t<div class=\"elementor-element elementor-element-fdfe9de elementor-widget elementor-widget-heading\" data-id=\"fdfe9de\" data-element_type=\"widget\" data-e-type=\"widget\" data-widget_type=\"heading.default\">\n\t\t\t\t<div class=\"elementor-widget-container\">\n\t\t\t\t\t<h2 class=\"elementor-heading-title elementor-size-default\">REAL ESTATE SALES<\/h2>\t\t\t\t<\/div>\n\t\t\t\t<\/div>\n\t\t\t\t\t<\/div>\n\t\t\t\t<\/div>\n\t\t<div class=\"elementor-element elementor-element-198d11d e-flex e-con-boxed e-con e-parent\" data-id=\"198d11d\" data-element_type=\"container\" data-e-type=\"container\">\n\t\t\t\t\t<div class=\"e-con-inner\">\n\t\t\t\t<div class=\"elementor-element elementor-element-2c0e9c7 elementor-widget elementor-widget-text-editor\" data-id=\"2c0e9c7\" data-element_type=\"widget\" data-e-type=\"widget\" data-widget_type=\"text-editor.default\">\n\t\t\t\t<div class=\"elementor-widget-container\">\n\t\t\t\t\t\t\t\t\t<p>Would you like to sell property or land? We work with investors and clients with strong capital.<br \/>Our service \u2013 you sell. We make the sale possible.<\/p>\t\t\t\t\t\t\t\t<\/div>\n\t\t\t\t<\/div>\n\t\t\t\t\t<\/div>\n\t\t\t\t<\/div>\n\t\t<div class=\"elementor-element elementor-element-423c509 e-flex e-con-boxed e-con e-parent\" data-id=\"423c509\" data-element_type=\"container\" data-e-type=\"container\">\n\t\t\t\t\t<div class=\"e-con-inner\">\n\t\t<div class=\"elementor-element elementor-element-93e8aac e-con-full e-flex e-con e-child\" data-id=\"93e8aac\" data-element_type=\"container\" data-e-type=\"container\" data-settings=\"{&quot;background_background&quot;:&quot;classic&quot;}\">\n\t\t\t\t<\/div>\n\t\t\t\t<div class=\"elementor-element elementor-element-0e190db elementor-widget elementor-widget-heading\" data-id=\"0e190db\" data-element_type=\"widget\" data-e-type=\"widget\" data-widget_type=\"heading.default\">\n\t\t\t\t<div class=\"elementor-widget-container\">\n\t\t\t\t\t<h2 class=\"elementor-heading-title elementor-size-default\">SALE OF PROPERTIES<\/h2>\t\t\t\t<\/div>\n\t\t\t\t<\/div>\n\t\t<div class=\"elementor-element elementor-element-250e95d e-con-full elementor-hidden-tablet elementor-hidden-mobile e-flex e-con e-child\" data-id=\"250e95d\" data-element_type=\"container\" data-e-type=\"container\">\n\t\t\t\t<\/div>\n\t\t<div class=\"elementor-element elementor-element-2112158 e-con-full e-flex e-con e-child\" data-id=\"2112158\" data-element_type=\"container\" data-e-type=\"container\" data-settings=\"{&quot;background_background&quot;:&quot;classic&quot;}\">\n\t\t\t\t<div class=\"elementor-element elementor-element-12f7b13 elementor-widget elementor-widget-text-editor\" data-id=\"12f7b13\" data-element_type=\"widget\" data-e-type=\"widget\" data-widget_type=\"text-editor.default\">\n\t\t\t\t<div class=\"elementor-widget-container\">\n\t\t\t\t\t\t\t\t\t<p>We are well aware that real estate is one of the most valuable assets. For the sale of your property, we are a trustworthy partner with sound market knowledge and a large client network. We evaluate your property free of charge and develop an elaborate marketing strategy. We qualify interested parties, conduct viewings, and assist you with the notarisation of your property. Please feel free get in touch with us.<\/p>\t\t\t\t\t\t\t\t<\/div>\n\t\t\t\t<\/div>\n\t\t\t\t<\/div>\n\t\t\t\t<div class=\"elementor-element elementor-element-8dcf367 elementor-widget elementor-widget-button\" data-id=\"8dcf367\" data-element_type=\"widget\" data-e-type=\"widget\" data-widget_type=\"button.default\">\n\t\t\t\t<div class=\"elementor-widget-container\">\n\t\t\t\t\t\t\t\t\t<div class=\"elementor-button-wrapper\">\n\t\t\t\t\t<a class=\"elementor-button elementor-button-link elementor-size-sm\" href=\"https:\/\/jf-real-estate.com\/en\/anfrage\/\">\n\t\t\t\t\t\t<span class=\"elementor-button-content-wrapper\">\n\t\t\t\t\t\t\t\t\t<span class=\"elementor-button-text\">INQUIRY<\/span>\n\t\t\t\t\t<\/span>\n\t\t\t\t\t<\/a>\n\t\t\t\t<\/div>\n\t\t\t\t\t\t\t\t<\/div>\n\t\t\t\t<\/div>\n\t\t\t\t\t<\/div>\n\t\t\t\t<\/div>\n\t\t\t\t<\/div>","protected":false},"excerpt":{"rendered":"<p>IMMOBILIENVERKAUF Sie m\u00f6chten eine Immobilie oder Grundst\u00fcck verkaufen? Wir arbeiten mit kapitalstarken Investoren und Klienten zusammen.Unser Service &#8211; Sie verkaufen. Wir machen den Verkauf m\u00f6glich. VERKAUF VON IMMOBILIEN Wir wissen, dass eine Immobilie zu den wertvollsten Verm\u00f6genswerten z\u00e4hlt. F\u00fcr Ihren Immobilienverkauf sind wir ein vertrauensw\u00fcrdiger Partner, mit fundierten Marktkenntnissen und einem gro\u00dfen Kundennetzwerk. Wir bewerten [&hellip;]<\/p>\n","protected":false},"author":3,"featured_media":0,"parent":14,"menu_order":0,"comment_status":"closed","ping_status":"closed","template":"","meta":{"footnotes":""},"class_list":["post-16","page","type-page","status-publish","hentry"],"yoast_head":"<!-- This site is optimized with the Yoast SEO plugin v27.1.1 - https:\/\/yoast.com\/product\/yoast-seo-wordpress\/ -->\n<title>Immobilienverkauf - JF Consulting Real Estate<\/title>\n<meta name=\"description\" content=\"Immobilie oder Grundst\u00fcck verkaufen? Mit unseren finanzstarken Investoren machen wir es m\u00f6glich. \u27a4 Kontaktieren Sie uns schnell und einfach.\" \/>\n<meta name=\"robots\" content=\"noindex, follow\" \/>\n<meta property=\"og:locale\" content=\"en_US\" \/>\n<meta property=\"og:type\" content=\"article\" \/>\n<meta property=\"og:title\" content=\"Immobilienverkauf - JF Consulting Real Estate\" \/>\n<meta property=\"og:description\" content=\"Immobilie oder Grundst\u00fcck verkaufen? Mit unseren finanzstarken Investoren machen wir es m\u00f6glich. \u27a4 Kontaktieren Sie uns schnell und einfach.\" \/>\n<meta property=\"og:url\" content=\"https:\/\/jf-real-estate.com\/en\/leistungen\/immobilienverkauf\/\" \/>\n<meta property=\"og:site_name\" content=\"JF Consulting Real Estate\" \/>\n<meta property=\"article:modified_time\" content=\"2024-07-20T07:40:07+00:00\" \/>\n<meta name=\"twitter:card\" content=\"summary_large_image\" \/>\n<meta name=\"twitter:label1\" content=\"Est. reading time\" \/>\n\t<meta name=\"twitter:data1\" content=\"1 minute\" \/>\n<script type=\"application\/ld+json\" class=\"yoast-schema-graph\">{\"@context\":\"https:\/\/schema.org\",\"@graph\":[{\"@type\":\"WebPage\",\"@id\":\"https:\/\/jf-real-estate.com\/leistungen\/immobilienverkauf\/\",\"url\":\"https:\/\/jf-real-estate.com\/leistungen\/immobilienverkauf\/\",\"name\":\"Immobilienverkauf - JF Consulting Real Estate\",\"isPartOf\":{\"@id\":\"https:\/\/jf-real-estate.com\/#website\"},\"datePublished\":\"2023-02-20T11:08:00+00:00\",\"dateModified\":\"2024-07-20T07:40:07+00:00\",\"description\":\"Immobilie oder Grundst\u00fcck verkaufen? Mit unseren finanzstarken Investoren machen wir es m\u00f6glich. \u27a4 Kontaktieren Sie uns schnell und einfach.\",\"breadcrumb\":{\"@id\":\"https:\/\/jf-real-estate.com\/leistungen\/immobilienverkauf\/#breadcrumb\"},\"inLanguage\":\"en-US\",\"potentialAction\":[{\"@type\":\"ReadAction\",\"target\":[\"https:\/\/jf-real-estate.com\/leistungen\/immobilienverkauf\/\"]}]},{\"@type\":\"BreadcrumbList\",\"@id\":\"https:\/\/jf-real-estate.com\/leistungen\/immobilienverkauf\/#breadcrumb\",\"itemListElement\":[{\"@type\":\"ListItem\",\"position\":1,\"name\":\"Startseite\",\"item\":\"https:\/\/jf-real-estate.com\/\"},{\"@type\":\"ListItem\",\"position\":2,\"name\":\"Leistungen\",\"item\":\"https:\/\/jf-real-estate.com\/leistungen\/\"},{\"@type\":\"ListItem\",\"position\":3,\"name\":\"Immobilienverkauf\"}]},{\"@type\":\"WebSite\",\"@id\":\"https:\/\/jf-real-estate.com\/#website\",\"url\":\"https:\/\/jf-real-estate.com\/\",\"name\":\"JF Consulting Real Estate\",\"description\":\"\",\"potentialAction\":[{\"@type\":\"SearchAction\",\"target\":{\"@type\":\"EntryPoint\",\"urlTemplate\":\"https:\/\/jf-real-estate.com\/?s={search_term_string}\"},\"query-input\":{\"@type\":\"PropertyValueSpecification\",\"valueRequired\":true,\"valueName\":\"search_term_string\"}}],\"inLanguage\":\"en-US\"}]}<\/script>\n<!-- \/ Yoast SEO plugin. -->","yoast_head_json":{"title":"Immobilienverkauf - JF Consulting Real Estate","description":"Immobilie oder Grundst\u00fcck verkaufen? Mit unseren finanzstarken Investoren machen wir es m\u00f6glich. \u27a4 Kontaktieren Sie uns schnell und einfach.","robots":{"index":"noindex","follow":"follow"},"og_locale":"en_US","og_type":"article","og_title":"Immobilienverkauf - JF Consulting Real Estate","og_description":"Immobilie oder Grundst\u00fcck verkaufen? Mit unseren finanzstarken Investoren machen wir es m\u00f6glich. \u27a4 Kontaktieren Sie uns schnell und einfach.","og_url":"https:\/\/jf-real-estate.com\/en\/leistungen\/immobilienverkauf\/","og_site_name":"JF Consulting Real Estate","article_modified_time":"2024-07-20T07:40:07+00:00","twitter_card":"summary_large_image","twitter_misc":{"Est. reading time":"1 minute"},"schema":{"@context":"https:\/\/schema.org","@graph":[{"@type":"WebPage","@id":"https:\/\/jf-real-estate.com\/leistungen\/immobilienverkauf\/","url":"https:\/\/jf-real-estate.com\/leistungen\/immobilienverkauf\/","name":"Immobilienverkauf - JF Consulting Real Estate","isPartOf":{"@id":"https:\/\/jf-real-estate.com\/#website"},"datePublished":"2023-02-20T11:08:00+00:00","dateModified":"2024-07-20T07:40:07+00:00","description":"Immobilie oder Grundst\u00fcck verkaufen? Mit unseren finanzstarken Investoren machen wir es m\u00f6glich. \u27a4 Kontaktieren Sie uns schnell und einfach.","breadcrumb":{"@id":"https:\/\/jf-real-estate.com\/leistungen\/immobilienverkauf\/#breadcrumb"},"inLanguage":"en-US","potentialAction":[{"@type":"ReadAction","target":["https:\/\/jf-real-estate.com\/leistungen\/immobilienverkauf\/"]}]},{"@type":"BreadcrumbList","@id":"https:\/\/jf-real-estate.com\/leistungen\/immobilienverkauf\/#breadcrumb","itemListElement":[{"@type":"ListItem","position":1,"name":"Startseite","item":"https:\/\/jf-real-estate.com\/"},{"@type":"ListItem","position":2,"name":"Leistungen","item":"https:\/\/jf-real-estate.com\/leistungen\/"},{"@type":"ListItem","position":3,"name":"Immobilienverkauf"}]},{"@type":"WebSite","@id":"https:\/\/jf-real-estate.com\/#website","url":"https:\/\/jf-real-estate.com\/","name":"JF Consulting Real Estate","description":"","potentialAction":[{"@type":"SearchAction","target":{"@type":"EntryPoint","urlTemplate":"https:\/\/jf-real-estate.com\/?s={search_term_string}"},"query-input":{"@type":"PropertyValueSpecification","valueRequired":true,"valueName":"search_term_string"}}],"inLanguage":"en-US"}]}},"_links":{"self":[{"href":"https:\/\/jf-real-estate.com\/en\/wp-json\/wp\/v2\/pages\/16","targetHints":{"allow":["GET"]}}],"collection":[{"href":"https:\/\/jf-real-estate.com\/en\/wp-json\/wp\/v2\/pages"}],"about":[{"href":"https:\/\/jf-real-estate.com\/en\/wp-json\/wp\/v2\/types\/page"}],"author":[{"embeddable":true,"href":"https:\/\/jf-real-estate.com\/en\/wp-json\/wp\/v2\/users\/3"}],"replies":[{"embeddable":true,"href":"https:\/\/jf-real-estate.com\/en\/wp-json\/wp\/v2\/comments?post=16"}],"version-history":[{"count":46,"href":"https:\/\/jf-real-estate.com\/en\/wp-json\/wp\/v2\/pages\/16\/revisions"}],"predecessor-version":[{"id":775,"href":"https:\/\/jf-real-estate.com\/en\/wp-json\/wp\/v2\/pages\/16\/revisions\/775"}],"up":[{"embeddable":true,"href":"https:\/\/jf-real-estate.com\/en\/wp-json\/wp\/v2\/pages\/14"}],"wp:attachment":[{"href":"https:\/\/jf-real-estate.com\/en\/wp-json\/wp\/v2\/media?parent=16"}],"curies":[{"name":"wp","href":"https:\/\/api.w.org\/{rel}","templated":true}]}}